{"id":5735,"date":"2023-10-18T16:47:55","date_gmt":"2023-10-18T15:47:55","guid":{"rendered":"http:\/\/gorobelgara.com\/?page_id=5735"},"modified":"2025-01-23T15:32:55","modified_gmt":"2025-01-23T14:32:55","slug":"zer-egiten-dugun","status":"publish","type":"page","link":"http:\/\/gorobelgara.com\/eu\/zer-egiten-dugun\/","title":{"rendered":"Zer egiten dugun"},"content":{"rendered":"<h1>GOROBEL KIROL GUNEA<\/h1>\n<h2>Descubre Gorobel Kirol Gunea<\/h2>\n<p>Gorobel Kirol Gunea es mucho m\u00e1s que un simple lugar para hacer ejercicio. Es un espacio donde reunirnos (en comunidad) para disfrutar de la diversi\u00f3n, la<br \/>\nsalud, el compa\u00f1erismo, la evasi\u00f3n, el relax y crear h\u00e1bitos positivos en comunidad.<\/p>\n<h2>Crossfit<\/h2>\n<p><strong>\u00a1Descubre el CrossFit en Llodio y en Amurrio en Gorobel Kirol Gunea!<\/strong><\/p>\n<p>El CrossFit es una modalidad de entrenamiento funcional que combina movimientos de diferentes disciplinas como halterofilia, gimnasia y entrenamiento cardiovascular.<\/p>\n<p>Una modalidad deportiva dise\u00f1ada para mejorar la resistencia, la fuerza y la flexibilidad. En Gorobel Kirol Gunea, nos enorgullece ofrecer una experiencia \u00fanica de CrossFit en Llodio y Amurrio, adaptada a todos los niveles de condici\u00f3n f\u00edsica.<\/p>\n<p>Nuestro equipo de coaches te guiar\u00e1 en cada sesi\u00f3n, te ense\u00f1ar\u00e1n la t\u00e9cnica correcta de los ejercicios y te ayudar\u00e1n a progresar de forma efectiva, asegur\u00e1ndose de que alcances tus objetivos.<\/p>\n<p><img fetchpriority=\"high\" decoding=\"async\" src=\"http:\/\/gorobelgara.com\/wp-content\/uploads\/2024\/04\/4.png\" sizes=\"(max-width: 565px) 100vw, 565px\" srcset=\"http:\/\/gorobelgara.com\/wp-content\/uploads\/2024\/04\/4.png 565w, http:\/\/gorobelgara.com\/wp-content\/uploads\/2024\/04\/4-300x224.png 300w\" alt=\"Grupo de personas atendiendo a la entrenadora\" width=\"565\" height=\"422\" \/><br \/>\n<img decoding=\"async\" src=\"http:\/\/gorobelgara.com\/wp-content\/uploads\/2024\/04\/2.png\" sizes=\"(max-width: 564px) 100vw, 564px\" srcset=\"http:\/\/gorobelgara.com\/wp-content\/uploads\/2024\/04\/2.png 564w, http:\/\/gorobelgara.com\/wp-content\/uploads\/2024\/04\/2-300x225.png 300w\" alt=\"Dos chicos haciendo Boxeo\" width=\"564\" height=\"423\" \/><\/p>\n<h2>Boxeo<\/h2>\n<p><strong>Si quieres adentrarte en el mundo del boxeo, est\u00e1s en el sitio perfecto.<\/strong> En nuestro centro deportivo de Llodio, Gorbel Kirol Gunea, podr\u00e1s practicar esta disciplina.<\/p>\n<p>Descubre los beneficios del boxeo sin moverte de Llodio. En Gorobel Kirol<br \/>\nGunea te ofrecemos:<\/p>\n<ul>\n<li>Clases adaptadas a todos los niveles, desde principiantes hasta avanzados<\/li>\n<li>Entrenamientos personalizados<\/li>\n<li>Grupos reducidos<\/li>\n<li>Un ambiente motivador y profesional.<\/li>\n<\/ul>\n<h2>Jiu Jitsu<\/h2>\n<p><strong>\u00a1Domina el arte del Jiu Jitsu en Gorbel Kirol Gunea Llodio!<\/strong><\/p>\n<p>El Jiu Jitsu es un arte marcial y deporte de combate que se centra en la lucha cuerpo a cuerpo en el suelo. Esta disciplina no solo te permite mejorar tu forma f\u00edsica, sino que tambi\u00e9n te ense\u00f1a defensa personal, aumenta tu disciplina y confianza en ti.<\/p>\n<p>En Gorobel Kirol Gunea, esta pr\u00e1ctica ha encontrado un hogar, atrayendo a entusiastas que buscan no solo desarrollar habilidades de defensa personal, sino tambi\u00e9n cultivar la mente y el esp\u00edritu.<\/p>\n<p>Si est\u00e1s buscando una actividad desafiante y gratificante, \u00a1el Jiu Jitsu es para ti!<\/p>\n<p><img decoding=\"async\" src=\"http:\/\/gorobelgara.com\/wp-content\/uploads\/2024\/04\/photo_2024-04-01_23-32-22.jpg\" sizes=\"(max-width: 1280px) 100vw, 1280px\" srcset=\"http:\/\/gorobelgara.com\/wp-content\/uploads\/2024\/04\/photo_2024-04-01_23-32-22.jpg 1280w, http:\/\/gorobelgara.com\/wp-content\/uploads\/2024\/04\/photo_2024-04-01_23-32-22-300x225.jpg 300w, http:\/\/gorobelgara.com\/wp-content\/uploads\/2024\/04\/photo_2024-04-01_23-32-22-1024x768.jpg 1024w, http:\/\/gorobelgara.com\/wp-content\/uploads\/2024\/04\/photo_2024-04-01_23-32-22-768x576.jpg 768w\" alt=\"Dos personas haciendo Jiu-Jitsu\" width=\"1280\" height=\"960\" \/><br \/>\n<img loading=\"lazy\" decoding=\"async\" src=\"http:\/\/gorobelgara.com\/wp-content\/uploads\/2024\/04\/3.png\" sizes=\"(max-width: 564px) 100vw, 564px\" srcset=\"http:\/\/gorobelgara.com\/wp-content\/uploads\/2024\/04\/3.png 564w, http:\/\/gorobelgara.com\/wp-content\/uploads\/2024\/04\/3-300x225.png 300w\" alt=\"Dos chicos en un combate de Kick-Boxing\" width=\"564\" height=\"423\" \/><\/p>\n<h2>Kick Boxing<\/h2>\n<p><strong>\u00bfA\u00fan no has probado el Kickboxing? \u00a1Ven a Gorobel Kirol Gunea a probarlo!<\/strong><\/p>\n<p>El Kickboxing es un deporte de combate de pie que combina las t\u00e9cnicas de golpeo del boxeo con las patadas de las artes marciales, una actividad f\u00edsica completa que te ayuda a mejorar tu forma f\u00edsica y dominar tu mente.<\/p>\n<p>En Gorobel Kirol Gunea te ofrecemos clases de Kickboxing de alta calidad<br \/>\ncon coaches experimentados y apasionados. Contamos con grupos reducidos para garantizar una atenci\u00f3n personalizada y un ambiente de<br \/>\naprendizaje y entrenamiento \u00f3ptimo.<\/p>\n","protected":false},"excerpt":{"rendered":"<p>GOROBEL KIROL GUNEA Descubre Gorobel Kirol Gunea Gorobel Kirol Gunea es mucho m\u00e1s que un simple lugar para hacer ejercicio. Es un espacio donde reunirnos (en comunidad) para disfrutar de la diversi\u00f3n, la salud, el compa\u00f1erismo, la evasi\u00f3n, el relax y crear h\u00e1bitos positivos en comunidad. Crossfit \u00a1Descubre el CrossFit en Llodio y en Amurrio [&hellip;]<\/p>\n","protected":false},"author":8,"featured_media":0,"parent":0,"menu_order":2,"comment_status":"closed","ping_status":"closed","template":"","meta":{"om_disable_all_campaigns":false,"_monsterinsights_skip_tracking":false,"_monsterinsights_sitenote_active":false,"_monsterinsights_sitenote_note":"","_monsterinsights_sitenote_category":0,"site-sidebar-layout":"no-sidebar","site-content-layout":"page-builder","ast-site-content-layout":"full-width-container","site-content-style":"unboxed","site-sidebar-style":"unboxed","ast-global-header-display":"","ast-banner-title-visibility":"","ast-main-header-display":"","ast-hfb-above-header-display":"","ast-hfb-below-header-display":"","ast-hfb-mobile-header-display":"","site-post-title":"disabled","ast-breadcrumbs-content":"","ast-featured-img":"disabled","footer-sml-layout":"","theme-transparent-header-meta":"","adv-header-id-meta":"","stick-header-meta":"","header-above-stick-meta":"","header-main-stick-meta":"","header-below-stick-meta":"","astra-migrate-meta-layouts":"set","ast-page-background-enabled":"default","ast-page-background-meta":{"desktop":{"background-color":"var(--ast-global-color-4)","background-image":"","background-repeat":"repeat","background-position":"center center","background-size":"auto","background-attachment":"scroll","background-type":"","background-media":"","overlay-type":"","overlay-color":"","overlay-gradient":""},"tablet":{"background-color":"","background-image":"","background-repeat":"repeat","background-position":"center center","background-size":"auto","background-attachment":"scroll","background-type":"","background-media":"","overlay-type":"","overlay-color":"","overlay-gradient":""},"mobile":{"background-color":"","background-image":"","background-repeat":"repeat","background-position":"center center","background-size":"auto","background-attachment":"scroll","background-type":"","background-media":"","overlay-type":"","overlay-color":"","overlay-gradient":""}},"ast-content-background-meta":{"desktop":{"background-color":"var(--ast-global-color-5)","background-image":"","background-repeat":"repeat","background-position":"center center","background-size":"auto","background-attachment":"scroll","background-type":"","background-media":"","overlay-type":"","overlay-color":"","overlay-gradient":""},"tablet":{"background-color":"var(--ast-global-color-5)","background-image":"","background-repeat":"repeat","background-position":"center center","background-size":"auto","background-attachment":"scroll","background-type":"","background-media":"","overlay-type":"","overlay-color":"","overlay-gradient":""},"mobile":{"background-color":"var(--ast-global-color-5)","background-image":"","background-repeat":"repeat","background-position":"center center","background-size":"auto","background-attachment":"scroll","background-type":"","background-media":"","overlay-type":"","overlay-color":"","overlay-gradient":""}},"footnotes":""},"class_list":["post-5735","page","type-page","status-publish","hentry"],"yoast_head":"<!-- This site is optimized with the Yoast SEO plugin v25.7 - https:\/\/yoast.com\/wordpress\/plugins\/seo\/ -->\n<title>Zer egiten dugun - Gorobel<\/title>\n<meta name=\"robots\" content=\"index, follow, max-snippet:-1, max-image-preview:large, max-video-preview:-1\" \/>\n<link rel=\"canonical\" href=\"http:\/\/gorobelgara.com\/eu\/zer-egiten-dugun\/\" \/>\n<meta property=\"og:locale\" content=\"eu_ES\" \/>\n<meta property=\"og:type\" content=\"article\" \/>\n<meta property=\"og:title\" content=\"Zer egiten dugun - Gorobel\" \/>\n<meta property=\"og:description\" content=\"GOROBEL KIROL GUNEA Descubre Gorobel Kirol Gunea Gorobel Kirol Gunea es mucho m\u00e1s que un simple lugar para hacer ejercicio. Es un espacio donde reunirnos (en comunidad) para disfrutar de la diversi\u00f3n, la salud, el compa\u00f1erismo, la evasi\u00f3n, el relax y crear h\u00e1bitos positivos en comunidad. Crossfit \u00a1Descubre el CrossFit en Llodio y en Amurrio [&hellip;]\" \/>\n<meta property=\"og:url\" content=\"http:\/\/gorobelgara.com\/eu\/zer-egiten-dugun\/\" \/>\n<meta property=\"og:site_name\" content=\"Gorobel\" \/>\n<meta property=\"article:modified_time\" content=\"2025-01-23T14:32:55+00:00\" \/>\n<meta property=\"og:image\" content=\"http:\/\/gorobelgara.com\/wp-content\/uploads\/2024\/04\/4.png\" \/>\n<meta name=\"twitter:card\" content=\"summary_large_image\" \/>\n<meta name=\"twitter:label1\" content=\"Est. reading time\" \/>\n\t<meta name=\"twitter:data1\" content=\"3 minutes\" \/>\n<script type=\"application\/ld+json\" class=\"yoast-schema-graph\">{\"@context\":\"https:\/\/schema.org\",\"@graph\":[{\"@type\":\"WebPage\",\"@id\":\"http:\/\/gorobelgara.com\/eu\/zer-egiten-dugun\/\",\"url\":\"http:\/\/gorobelgara.com\/eu\/zer-egiten-dugun\/\",\"name\":\"Zer egiten dugun - Gorobel\",\"isPartOf\":{\"@id\":\"https:\/\/gorobelgara.com\/eu\/#website\"},\"primaryImageOfPage\":{\"@id\":\"http:\/\/gorobelgara.com\/eu\/zer-egiten-dugun\/#primaryimage\"},\"image\":{\"@id\":\"http:\/\/gorobelgara.com\/eu\/zer-egiten-dugun\/#primaryimage\"},\"thumbnailUrl\":\"http:\/\/gorobelgara.com\/wp-content\/uploads\/2024\/04\/4.png\",\"datePublished\":\"2023-10-18T15:47:55+00:00\",\"dateModified\":\"2025-01-23T14:32:55+00:00\",\"breadcrumb\":{\"@id\":\"http:\/\/gorobelgara.com\/eu\/zer-egiten-dugun\/#breadcrumb\"},\"inLanguage\":\"eu-ES\",\"potentialAction\":[{\"@type\":\"ReadAction\",\"target\":[\"http:\/\/gorobelgara.com\/eu\/zer-egiten-dugun\/\"]}]},{\"@type\":\"ImageObject\",\"inLanguage\":\"eu-ES\",\"@id\":\"http:\/\/gorobelgara.com\/eu\/zer-egiten-dugun\/#primaryimage\",\"url\":\"http:\/\/gorobelgara.com\/wp-content\/uploads\/2024\/04\/4.png\",\"contentUrl\":\"http:\/\/gorobelgara.com\/wp-content\/uploads\/2024\/04\/4.png\"},{\"@type\":\"BreadcrumbList\",\"@id\":\"http:\/\/gorobelgara.com\/eu\/zer-egiten-dugun\/#breadcrumb\",\"itemListElement\":[{\"@type\":\"ListItem\",\"position\":1,\"name\":\"Portada\",\"item\":\"https:\/\/gorobelgara.com\/eu\/\"},{\"@type\":\"ListItem\",\"position\":2,\"name\":\"Zer egiten dugun\"}]},{\"@type\":\"WebSite\",\"@id\":\"https:\/\/gorobelgara.com\/eu\/#website\",\"url\":\"https:\/\/gorobelgara.com\/eu\/\",\"name\":\"Gorobel\",\"description\":\"\",\"publisher\":{\"@id\":\"https:\/\/gorobelgara.com\/eu\/#organization\"},\"potentialAction\":[{\"@type\":\"SearchAction\",\"target\":{\"@type\":\"EntryPoint\",\"urlTemplate\":\"https:\/\/gorobelgara.com\/eu\/?s={search_term_string}\"},\"query-input\":{\"@type\":\"PropertyValueSpecification\",\"valueRequired\":true,\"valueName\":\"search_term_string\"}}],\"inLanguage\":\"eu-ES\"},{\"@type\":\"Organization\",\"@id\":\"https:\/\/gorobelgara.com\/eu\/#organization\",\"name\":\"Gorobel\",\"url\":\"https:\/\/gorobelgara.com\/eu\/\",\"logo\":{\"@type\":\"ImageObject\",\"inLanguage\":\"eu-ES\",\"@id\":\"https:\/\/gorobelgara.com\/eu\/#\/schema\/logo\/image\/\",\"url\":\"\",\"contentUrl\":\"\",\"caption\":\"Gorobel\"},\"image\":{\"@id\":\"https:\/\/gorobelgara.com\/eu\/#\/schema\/logo\/image\/\"}}]}<\/script>\n<!-- \/ Yoast SEO plugin. -->","yoast_head_json":{"title":"Zer egiten dugun - Gorobel","robots":{"index":"index","follow":"follow","max-snippet":"max-snippet:-1","max-image-preview":"max-image-preview:large","max-video-preview":"max-video-preview:-1"},"canonical":"http:\/\/gorobelgara.com\/eu\/zer-egiten-dugun\/","og_locale":"eu_ES","og_type":"article","og_title":"Zer egiten dugun - Gorobel","og_description":"GOROBEL KIROL GUNEA Descubre Gorobel Kirol Gunea Gorobel Kirol Gunea es mucho m\u00e1s que un simple lugar para hacer ejercicio. Es un espacio donde reunirnos (en comunidad) para disfrutar de la diversi\u00f3n, la salud, el compa\u00f1erismo, la evasi\u00f3n, el relax y crear h\u00e1bitos positivos en comunidad. Crossfit \u00a1Descubre el CrossFit en Llodio y en Amurrio [&hellip;]","og_url":"http:\/\/gorobelgara.com\/eu\/zer-egiten-dugun\/","og_site_name":"Gorobel","article_modified_time":"2025-01-23T14:32:55+00:00","og_image":[{"url":"http:\/\/gorobelgara.com\/wp-content\/uploads\/2024\/04\/4.png","type":"","width":"","height":""}],"twitter_card":"summary_large_image","twitter_misc":{"Est. reading time":"3 minutes"},"schema":{"@context":"https:\/\/schema.org","@graph":[{"@type":"WebPage","@id":"http:\/\/gorobelgara.com\/eu\/zer-egiten-dugun\/","url":"http:\/\/gorobelgara.com\/eu\/zer-egiten-dugun\/","name":"Zer egiten dugun - Gorobel","isPartOf":{"@id":"https:\/\/gorobelgara.com\/eu\/#website"},"primaryImageOfPage":{"@id":"http:\/\/gorobelgara.com\/eu\/zer-egiten-dugun\/#primaryimage"},"image":{"@id":"http:\/\/gorobelgara.com\/eu\/zer-egiten-dugun\/#primaryimage"},"thumbnailUrl":"http:\/\/gorobelgara.com\/wp-content\/uploads\/2024\/04\/4.png","datePublished":"2023-10-18T15:47:55+00:00","dateModified":"2025-01-23T14:32:55+00:00","breadcrumb":{"@id":"http:\/\/gorobelgara.com\/eu\/zer-egiten-dugun\/#breadcrumb"},"inLanguage":"eu-ES","potentialAction":[{"@type":"ReadAction","target":["http:\/\/gorobelgara.com\/eu\/zer-egiten-dugun\/"]}]},{"@type":"ImageObject","inLanguage":"eu-ES","@id":"http:\/\/gorobelgara.com\/eu\/zer-egiten-dugun\/#primaryimage","url":"http:\/\/gorobelgara.com\/wp-content\/uploads\/2024\/04\/4.png","contentUrl":"http:\/\/gorobelgara.com\/wp-content\/uploads\/2024\/04\/4.png"},{"@type":"BreadcrumbList","@id":"http:\/\/gorobelgara.com\/eu\/zer-egiten-dugun\/#breadcrumb","itemListElement":[{"@type":"ListItem","position":1,"name":"Portada","item":"https:\/\/gorobelgara.com\/eu\/"},{"@type":"ListItem","position":2,"name":"Zer egiten dugun"}]},{"@type":"WebSite","@id":"https:\/\/gorobelgara.com\/eu\/#website","url":"https:\/\/gorobelgara.com\/eu\/","name":"Gorobel","description":"","publisher":{"@id":"https:\/\/gorobelgara.com\/eu\/#organization"},"potentialAction":[{"@type":"SearchAction","target":{"@type":"EntryPoint","urlTemplate":"https:\/\/gorobelgara.com\/eu\/?s={search_term_string}"},"query-input":{"@type":"PropertyValueSpecification","valueRequired":true,"valueName":"search_term_string"}}],"inLanguage":"eu-ES"},{"@type":"Organization","@id":"https:\/\/gorobelgara.com\/eu\/#organization","name":"Gorobel","url":"https:\/\/gorobelgara.com\/eu\/","logo":{"@type":"ImageObject","inLanguage":"eu-ES","@id":"https:\/\/gorobelgara.com\/eu\/#\/schema\/logo\/image\/","url":"","contentUrl":"","caption":"Gorobel"},"image":{"@id":"https:\/\/gorobelgara.com\/eu\/#\/schema\/logo\/image\/"}}]}},"_links":{"self":[{"href":"http:\/\/gorobelgara.com\/eu\/wp-json\/wp\/v2\/pages\/5735","targetHints":{"allow":["GET"]}}],"collection":[{"href":"http:\/\/gorobelgara.com\/eu\/wp-json\/wp\/v2\/pages"}],"about":[{"href":"http:\/\/gorobelgara.com\/eu\/wp-json\/wp\/v2\/types\/page"}],"author":[{"embeddable":true,"href":"http:\/\/gorobelgara.com\/eu\/wp-json\/wp\/v2\/users\/8"}],"replies":[{"embeddable":true,"href":"http:\/\/gorobelgara.com\/eu\/wp-json\/wp\/v2\/comments?post=5735"}],"version-history":[{"count":1,"href":"http:\/\/gorobelgara.com\/eu\/wp-json\/wp\/v2\/pages\/5735\/revisions"}],"predecessor-version":[{"id":5736,"href":"http:\/\/gorobelgara.com\/eu\/wp-json\/wp\/v2\/pages\/5735\/revisions\/5736"}],"wp:attachment":[{"href":"http:\/\/gorobelgara.com\/eu\/wp-json\/wp\/v2\/media?parent=5735"}],"curies":[{"name":"wp","href":"https:\/\/api.w.org\/{rel}","templated":true}]}}