{"id":5747,"date":"2023-11-08T16:08:02","date_gmt":"2023-11-08T15:08:02","guid":{"rendered":"http:\/\/gorobelgara.com\/?page_id=5747"},"modified":"2025-01-23T15:38:25","modified_gmt":"2025-01-23T14:38:25","slug":"contacto","status":"publish","type":"page","link":"http:\/\/gorobelgara.com\/eu\/contacto\/","title":{"rendered":"Kontaktua"},"content":{"rendered":"<h1>CONTACTO<\/h1>\n<h2>Inf\u00f3rmate sin compromiso<\/h2>\n<p>\u00a1Cont\u00e1ctanos para obtener informaci\u00f3n sin compromiso! Estamos aqu\u00ed para responder tus preguntas<\/p>\n<p><img fetchpriority=\"high\" decoding=\"async\" width=\"416\" height=\"177\" src=\"http:\/\/gorobelgara.com\/wp-content\/uploads\/2024\/03\/gorobel.svg\" alt=\"\" \/><\/p>\n<p>En <strong>Gorobel Kirol Gunea<\/strong>, nos comprometemos a brindarte toda la <strong>orientaci\u00f3n<\/strong> y <strong>apoyo<\/strong> que requieras para dar el paso hacia una vida m\u00e1s <strong>activa<\/strong> y <strong>saludable<\/strong>. Nuestro equipo est\u00e1 aqu\u00ed para responder a tus <strong>preguntas<\/strong>, ofrecerte detalles sobre nuestras <strong>instalaciones<\/strong>, <strong>clases<\/strong> y <strong>programas<\/strong>, y ayudarte a encontrar la mejor <strong>opci\u00f3n<\/strong> para ti.<\/p>\n<p>\u00a1No dudes en ponerte en <strong>contacto<\/strong> con nosotros! Estamos ansiosos por ser parte de tu viaje hacia el <strong>bienestar<\/strong>. Completa el <strong>formulario<\/strong> a continuaci\u00f3n y nos comunicaremos contigo lo antes posible.<\/p>\n<ul>\n<li>\n\t\t\t\t\t\t\t\t\t\t\t<a href=\"tel:+34667521542\"><br \/>\n667 521 542<br \/>\n<\/a><\/li>\n<li>\n\t\t\t\t\t\t\t\t\t\t\t<a href=\"mailto:info@gorobelgara.com\"><br \/>\ninfo@gorobelgara.com<br \/>\n<\/a><\/li>\n<li>\n\t\t\t\t\t\t\t\t\t\t\t<a href=\"https:\/\/maps.app.goo.gl\/pXgDgb97bp8ZG5gK7\" target=\"_blank\" rel=\"noopener\"><br \/>\nEncuentr\u00e1nos en Llodio<br \/>\n<\/a><\/li>\n<li>\n\t\t\t\t\t\t\t\t\t\t\t<a href=\"https:\/\/maps.app.goo.gl\/7LhEu3Cq8Qz9yM1J6\" target=\"_blank\" rel=\"noopener\"><br \/>\nEncuentr\u00e1nos en Amurrio<br \/>\n<\/a><\/li>\n<\/ul>\n<p role=\"status\" aria-live=\"polite\" aria-atomic=\"true\">\n<ul><\/ul>\n<form action=\"\/wp-admin\/admin-ajax.php#wpcf7-f981-o1\" method=\"post\" aria-label=\"Formulario de contacto\" novalidate=\"novalidate\" data-status=\"init\">\n<input type=\"hidden\" name=\"_wpcf7\" value=\"981\" \/><br \/>\n<input type=\"hidden\" name=\"_wpcf7_version\" value=\"5.8.7\" \/><br \/>\n<input type=\"hidden\" name=\"_wpcf7_locale\" value=\"es_ES\" \/><br \/>\n<input type=\"hidden\" name=\"_wpcf7_unit_tag\" value=\"wpcf7-f981-o1\" \/><br \/>\n<input type=\"hidden\" name=\"_wpcf7_container_post\" value=\"0\" \/><br \/>\n<input type=\"hidden\" name=\"_wpcf7_posted_data_hash\" value=\"\" \/><\/p>\n<p><label for=\"name\">Ind\u00edcanos tu nombre y apellidos *<\/label><input size=\"40\" id=\"name\" aria-required=\"true\" aria-invalid=\"false\" placeholder=\"Ej: Fernando S\u00e1nchez\" value=\"\" type=\"text\" name=\"nombre\" \/><\/p>\n<p><label for=\"email\">Tu email *<\/label><input size=\"40\" id=\"email\" aria-required=\"true\" aria-invalid=\"false\" placeholder=\"Ej: fernando@dominio.com\" value=\"\" type=\"email\" name=\"email\" \/><\/p>\n<p><label for=\"telefono\">Tel\u00e9fono *<\/label><br \/>\n<input size=\"40\" id=\"telefono\" aria-required=\"true\" aria-invalid=\"false\" placeholder=\"Ej: 600 000 000\" value=\"\" type=\"tel\" name=\"telefono\" \/><\/p>\n<p><label for=\"mensaje\">Comentarios, horario preferido de llamada&#8230; *<\/label><br \/>\n<textarea cols=\"40\" rows=\"10\" id=\"mensaje\" aria-invalid=\"false\" name=\"mensaje\"><\/textarea><\/p>\n<hr style=\"\n        height: 1px;\n        background: #e9e9e9;\n        width: 100%;\n        margin-top: 2rem;\n        margin-bottom: 1rem;\n      \" \/><\/p>\n<p><label><input type=\"checkbox\" name=\"aceptar-poltica\" value=\"1\" id=\"acceptance-message\" aria-invalid=\"false\" \/>Acepto la pol\u00edtica de<br \/>\nprivacidad de <strong>Gorobel<\/strong><\/label><\/p>\n<p><input type=\"submit\" value=\"ENVIAR\" \/><\/p>\n<\/form>\n<h2>Gorobel Kirol Gunea en Llodio<\/h2>\n<p><iframe loading=\"lazy\"\n\t\t\t\t\tsrc=\"https:\/\/maps.google.com\/maps?q=Gorobel%20Kirol%20Gunea%20Llodio&#038;t=m&#038;z=14&#038;output=embed&#038;iwloc=near\"\n\t\t\t\t\ttitle=\"Gorobel Kirol Gunea Llodio\"\n\t\t\t\t\taria-label=\"Gorobel Kirol Gunea Llodio\"\n\t\t\t><\/iframe><\/p>\n<h2>Gorobel Kirol Gunea en Amurrio<\/h2>\n<p><iframe loading=\"lazy\"\n\t\t\t\t\tsrc=\"https:\/\/maps.google.com\/maps?q=Gorobel%20Kirol%20Gunea%20Amurrio&#038;t=m&#038;z=15&#038;output=embed&#038;iwloc=near\"\n\t\t\t\t\ttitle=\"Gorobel Kirol Gunea Amurrio\"\n\t\t\t\t\taria-label=\"Gorobel Kirol Gunea Amurrio\"\n\t\t\t><\/iframe><\/p>\n","protected":false},"excerpt":{"rendered":"<p>CONTACTO Inf\u00f3rmate sin compromiso \u00a1Cont\u00e1ctanos para obtener informaci\u00f3n sin compromiso! Estamos aqu\u00ed para responder tus preguntas En Gorobel Kirol Gunea, nos comprometemos a brindarte toda la orientaci\u00f3n y apoyo que requieras para dar el paso hacia una vida m\u00e1s activa y saludable. Nuestro equipo est\u00e1 aqu\u00ed para responder a tus preguntas, ofrecerte detalles sobre nuestras [&hellip;]<\/p>\n","protected":false},"author":8,"featured_media":0,"parent":0,"menu_order":4,"comment_status":"closed","ping_status":"closed","template":"","meta":{"om_disable_all_campaigns":false,"_monsterinsights_skip_tracking":false,"_monsterinsights_sitenote_active":false,"_monsterinsights_sitenote_note":"","_monsterinsights_sitenote_category":0,"site-sidebar-layout":"no-sidebar","site-content-layout":"page-builder","ast-site-content-layout":"full-width-container","site-content-style":"unboxed","site-sidebar-style":"unboxed","ast-global-header-display":"","ast-banner-title-visibility":"","ast-main-header-display":"","ast-hfb-above-header-display":"","ast-hfb-below-header-display":"","ast-hfb-mobile-header-display":"","site-post-title":"disabled","ast-breadcrumbs-content":"","ast-featured-img":"disabled","footer-sml-layout":"","theme-transparent-header-meta":"","adv-header-id-meta":"","stick-header-meta":"","header-above-stick-meta":"","header-main-stick-meta":"","header-below-stick-meta":"","astra-migrate-meta-layouts":"set","ast-page-background-enabled":"default","ast-page-background-meta":{"desktop":{"background-color":"var(--ast-global-color-4)","background-image":"","background-repeat":"repeat","background-position":"center center","background-size":"auto","background-attachment":"scroll","background-type":"","background-media":"","overlay-type":"","overlay-color":"","overlay-gradient":""},"tablet":{"background-color":"","background-image":"","background-repeat":"repeat","background-position":"center center","background-size":"auto","background-attachment":"scroll","background-type":"","background-media":"","overlay-type":"","overlay-color":"","overlay-gradient":""},"mobile":{"background-color":"","background-image":"","background-repeat":"repeat","background-position":"center center","background-size":"auto","background-attachment":"scroll","background-type":"","background-media":"","overlay-type":"","overlay-color":"","overlay-gradient":""}},"ast-content-background-meta":{"desktop":{"background-color":"var(--ast-global-color-5)","background-image":"","background-repeat":"repeat","background-position":"center center","background-size":"auto","background-attachment":"scroll","background-type":"","background-media":"","overlay-type":"","overlay-color":"","overlay-gradient":""},"tablet":{"background-color":"var(--ast-global-color-5)","background-image":"","background-repeat":"repeat","background-position":"center center","background-size":"auto","background-attachment":"scroll","background-type":"","background-media":"","overlay-type":"","overlay-color":"","overlay-gradient":""},"mobile":{"background-color":"var(--ast-global-color-5)","background-image":"","background-repeat":"repeat","background-position":"center center","background-size":"auto","background-attachment":"scroll","background-type":"","background-media":"","overlay-type":"","overlay-color":"","overlay-gradient":""}},"footnotes":""},"class_list":["post-5747","page","type-page","status-publish","hentry"],"yoast_head":"<!-- This site is optimized with the Yoast SEO plugin v25.7 - https:\/\/yoast.com\/wordpress\/plugins\/seo\/ -->\n<title>Kontaktua - Gorobel<\/title>\n<meta name=\"robots\" content=\"index, follow, max-snippet:-1, max-image-preview:large, max-video-preview:-1\" \/>\n<link rel=\"canonical\" href=\"http:\/\/gorobelgara.com\/eu\/contacto\/\" \/>\n<meta property=\"og:locale\" content=\"eu_ES\" \/>\n<meta property=\"og:type\" content=\"article\" \/>\n<meta property=\"og:title\" content=\"Kontaktua - Gorobel\" \/>\n<meta property=\"og:description\" content=\"CONTACTO Inf\u00f3rmate sin compromiso \u00a1Cont\u00e1ctanos para obtener informaci\u00f3n sin compromiso! Estamos aqu\u00ed para responder tus preguntas En Gorobel Kirol Gunea, nos comprometemos a brindarte toda la orientaci\u00f3n y apoyo que requieras para dar el paso hacia una vida m\u00e1s activa y saludable. Nuestro equipo est\u00e1 aqu\u00ed para responder a tus preguntas, ofrecerte detalles sobre nuestras [&hellip;]\" \/>\n<meta property=\"og:url\" content=\"http:\/\/gorobelgara.com\/eu\/contacto\/\" \/>\n<meta property=\"og:site_name\" content=\"Gorobel\" \/>\n<meta property=\"article:modified_time\" content=\"2025-01-23T14:38:25+00:00\" \/>\n<meta property=\"og:image\" content=\"http:\/\/gorobelgara.com\/wp-content\/uploads\/2024\/03\/gorobel.svg\" \/>\n<meta name=\"twitter:card\" content=\"summary_large_image\" \/>\n<meta name=\"twitter:label1\" content=\"Est. reading time\" \/>\n\t<meta name=\"twitter:data1\" content=\"1 minute\" \/>\n<script type=\"application\/ld+json\" class=\"yoast-schema-graph\">{\"@context\":\"https:\/\/schema.org\",\"@graph\":[{\"@type\":\"WebPage\",\"@id\":\"http:\/\/gorobelgara.com\/eu\/contacto\/\",\"url\":\"http:\/\/gorobelgara.com\/eu\/contacto\/\",\"name\":\"Kontaktua - Gorobel\",\"isPartOf\":{\"@id\":\"https:\/\/gorobelgara.com\/eu\/#website\"},\"primaryImageOfPage\":{\"@id\":\"http:\/\/gorobelgara.com\/eu\/contacto\/#primaryimage\"},\"image\":{\"@id\":\"http:\/\/gorobelgara.com\/eu\/contacto\/#primaryimage\"},\"thumbnailUrl\":\"http:\/\/gorobelgara.com\/wp-content\/uploads\/2024\/03\/gorobel.svg\",\"datePublished\":\"2023-11-08T15:08:02+00:00\",\"dateModified\":\"2025-01-23T14:38:25+00:00\",\"breadcrumb\":{\"@id\":\"http:\/\/gorobelgara.com\/eu\/contacto\/#breadcrumb\"},\"inLanguage\":\"eu-ES\",\"potentialAction\":[{\"@type\":\"ReadAction\",\"target\":[\"http:\/\/gorobelgara.com\/eu\/contacto\/\"]}]},{\"@type\":\"ImageObject\",\"inLanguage\":\"eu-ES\",\"@id\":\"http:\/\/gorobelgara.com\/eu\/contacto\/#primaryimage\",\"url\":\"http:\/\/gorobelgara.com\/wp-content\/uploads\/2024\/03\/gorobel.svg\",\"contentUrl\":\"http:\/\/gorobelgara.com\/wp-content\/uploads\/2024\/03\/gorobel.svg\"},{\"@type\":\"BreadcrumbList\",\"@id\":\"http:\/\/gorobelgara.com\/eu\/contacto\/#breadcrumb\",\"itemListElement\":[{\"@type\":\"ListItem\",\"position\":1,\"name\":\"Portada\",\"item\":\"https:\/\/gorobelgara.com\/eu\/\"},{\"@type\":\"ListItem\",\"position\":2,\"name\":\"Kontaktua\"}]},{\"@type\":\"WebSite\",\"@id\":\"https:\/\/gorobelgara.com\/eu\/#website\",\"url\":\"https:\/\/gorobelgara.com\/eu\/\",\"name\":\"Gorobel\",\"description\":\"\",\"publisher\":{\"@id\":\"https:\/\/gorobelgara.com\/eu\/#organization\"},\"potentialAction\":[{\"@type\":\"SearchAction\",\"target\":{\"@type\":\"EntryPoint\",\"urlTemplate\":\"https:\/\/gorobelgara.com\/eu\/?s={search_term_string}\"},\"query-input\":{\"@type\":\"PropertyValueSpecification\",\"valueRequired\":true,\"valueName\":\"search_term_string\"}}],\"inLanguage\":\"eu-ES\"},{\"@type\":\"Organization\",\"@id\":\"https:\/\/gorobelgara.com\/eu\/#organization\",\"name\":\"Gorobel\",\"url\":\"https:\/\/gorobelgara.com\/eu\/\",\"logo\":{\"@type\":\"ImageObject\",\"inLanguage\":\"eu-ES\",\"@id\":\"https:\/\/gorobelgara.com\/eu\/#\/schema\/logo\/image\/\",\"url\":\"\",\"contentUrl\":\"\",\"caption\":\"Gorobel\"},\"image\":{\"@id\":\"https:\/\/gorobelgara.com\/eu\/#\/schema\/logo\/image\/\"}}]}<\/script>\n<!-- \/ Yoast SEO plugin. -->","yoast_head_json":{"title":"Kontaktua - Gorobel","robots":{"index":"index","follow":"follow","max-snippet":"max-snippet:-1","max-image-preview":"max-image-preview:large","max-video-preview":"max-video-preview:-1"},"canonical":"http:\/\/gorobelgara.com\/eu\/contacto\/","og_locale":"eu_ES","og_type":"article","og_title":"Kontaktua - Gorobel","og_description":"CONTACTO Inf\u00f3rmate sin compromiso \u00a1Cont\u00e1ctanos para obtener informaci\u00f3n sin compromiso! Estamos aqu\u00ed para responder tus preguntas En Gorobel Kirol Gunea, nos comprometemos a brindarte toda la orientaci\u00f3n y apoyo que requieras para dar el paso hacia una vida m\u00e1s activa y saludable. Nuestro equipo est\u00e1 aqu\u00ed para responder a tus preguntas, ofrecerte detalles sobre nuestras [&hellip;]","og_url":"http:\/\/gorobelgara.com\/eu\/contacto\/","og_site_name":"Gorobel","article_modified_time":"2025-01-23T14:38:25+00:00","og_image":[{"url":"http:\/\/gorobelgara.com\/wp-content\/uploads\/2024\/03\/gorobel.svg","type":"","width":"","height":""}],"twitter_card":"summary_large_image","twitter_misc":{"Est. reading time":"1 minute"},"schema":{"@context":"https:\/\/schema.org","@graph":[{"@type":"WebPage","@id":"http:\/\/gorobelgara.com\/eu\/contacto\/","url":"http:\/\/gorobelgara.com\/eu\/contacto\/","name":"Kontaktua - Gorobel","isPartOf":{"@id":"https:\/\/gorobelgara.com\/eu\/#website"},"primaryImageOfPage":{"@id":"http:\/\/gorobelgara.com\/eu\/contacto\/#primaryimage"},"image":{"@id":"http:\/\/gorobelgara.com\/eu\/contacto\/#primaryimage"},"thumbnailUrl":"http:\/\/gorobelgara.com\/wp-content\/uploads\/2024\/03\/gorobel.svg","datePublished":"2023-11-08T15:08:02+00:00","dateModified":"2025-01-23T14:38:25+00:00","breadcrumb":{"@id":"http:\/\/gorobelgara.com\/eu\/contacto\/#breadcrumb"},"inLanguage":"eu-ES","potentialAction":[{"@type":"ReadAction","target":["http:\/\/gorobelgara.com\/eu\/contacto\/"]}]},{"@type":"ImageObject","inLanguage":"eu-ES","@id":"http:\/\/gorobelgara.com\/eu\/contacto\/#primaryimage","url":"http:\/\/gorobelgara.com\/wp-content\/uploads\/2024\/03\/gorobel.svg","contentUrl":"http:\/\/gorobelgara.com\/wp-content\/uploads\/2024\/03\/gorobel.svg"},{"@type":"BreadcrumbList","@id":"http:\/\/gorobelgara.com\/eu\/contacto\/#breadcrumb","itemListElement":[{"@type":"ListItem","position":1,"name":"Portada","item":"https:\/\/gorobelgara.com\/eu\/"},{"@type":"ListItem","position":2,"name":"Kontaktua"}]},{"@type":"WebSite","@id":"https:\/\/gorobelgara.com\/eu\/#website","url":"https:\/\/gorobelgara.com\/eu\/","name":"Gorobel","description":"","publisher":{"@id":"https:\/\/gorobelgara.com\/eu\/#organization"},"potentialAction":[{"@type":"SearchAction","target":{"@type":"EntryPoint","urlTemplate":"https:\/\/gorobelgara.com\/eu\/?s={search_term_string}"},"query-input":{"@type":"PropertyValueSpecification","valueRequired":true,"valueName":"search_term_string"}}],"inLanguage":"eu-ES"},{"@type":"Organization","@id":"https:\/\/gorobelgara.com\/eu\/#organization","name":"Gorobel","url":"https:\/\/gorobelgara.com\/eu\/","logo":{"@type":"ImageObject","inLanguage":"eu-ES","@id":"https:\/\/gorobelgara.com\/eu\/#\/schema\/logo\/image\/","url":"","contentUrl":"","caption":"Gorobel"},"image":{"@id":"https:\/\/gorobelgara.com\/eu\/#\/schema\/logo\/image\/"}}]}},"_links":{"self":[{"href":"http:\/\/gorobelgara.com\/eu\/wp-json\/wp\/v2\/pages\/5747","targetHints":{"allow":["GET"]}}],"collection":[{"href":"http:\/\/gorobelgara.com\/eu\/wp-json\/wp\/v2\/pages"}],"about":[{"href":"http:\/\/gorobelgara.com\/eu\/wp-json\/wp\/v2\/types\/page"}],"author":[{"embeddable":true,"href":"http:\/\/gorobelgara.com\/eu\/wp-json\/wp\/v2\/users\/8"}],"replies":[{"embeddable":true,"href":"http:\/\/gorobelgara.com\/eu\/wp-json\/wp\/v2\/comments?post=5747"}],"version-history":[{"count":2,"href":"http:\/\/gorobelgara.com\/eu\/wp-json\/wp\/v2\/pages\/5747\/revisions"}],"predecessor-version":[{"id":5752,"href":"http:\/\/gorobelgara.com\/eu\/wp-json\/wp\/v2\/pages\/5747\/revisions\/5752"}],"wp:attachment":[{"href":"http:\/\/gorobelgara.com\/eu\/wp-json\/wp\/v2\/media?parent=5747"}],"curies":[{"name":"wp","href":"https:\/\/api.w.org\/{rel}","templated":true}]}}