{"id":5754,"date":"2024-03-04T10:07:49","date_gmt":"2024-03-04T09:07:49","guid":{"rendered":"http:\/\/gorobelgara.com\/gorobel\/"},"modified":"2025-01-23T15:40:24","modified_gmt":"2025-01-23T14:40:24","slug":"gorobel","status":"publish","type":"page","link":"http:\/\/gorobelgara.com\/eu\/gorobel\/","title":{"rendered":"Gorobel"},"content":{"rendered":"\t\t<div data-elementor-type=\"wp-page\" data-elementor-id=\"5754\" class=\"elementor elementor-5754 elementor-4969\" data-elementor-post-type=\"page\">\n\t\t\t\t\t\t<section class=\"elementor-section elementor-top-section elementor-element elementor-element-d742fb6 elementor-section-full_width elementor-section-height-min-height elementor-section-height-default elementor-section-items-middle\" data-id=\"d742fb6\" data-element_type=\"section\" data-e-type=\"section\" data-settings=\"{&quot;background_background&quot;:&quot;classic&quot;}\">\n\t\t\t\t\t\t\t<div class=\"elementor-background-overlay\"><\/div>\n\t\t\t\t\t\t\t<div class=\"elementor-container elementor-column-gap-default\">\n\t\t\t\t\t<div class=\"elementor-column elementor-col-100 elementor-top-column elementor-element elementor-element-e8fea59\" data-id=\"e8fea59\" data-element_type=\"column\" data-e-type=\"column\">\n\t\t\t<div class=\"elementor-widget-wrap elementor-element-populated\">\n\t\t\t\t\t\t<div class=\"elementor-element elementor-element-4afdb36 elementor-widget elementor-widget-heading\" data-id=\"4afdb36\" data-element_type=\"widget\" data-e-type=\"widget\" data-widget_type=\"heading.default\">\n\t\t\t\t<div class=\"elementor-widget-container\">\n\t\t\t\t\t<h1 class=\"elementor-heading-title elementor-size-default\">GOROBEL<\/h1>\t\t\t\t<\/div>\n\t\t\t\t<\/div>\n\t\t\t\t\t<\/div>\n\t\t<\/div>\n\t\t\t\t\t<\/div>\n\t\t<\/section>\n\t\t\t\t<section class=\"elementor-section elementor-top-section elementor-element elementor-element-1557968 elementor-section-stretched elementor-section-boxed elementor-section-height-default elementor-section-height-default\" data-id=\"1557968\" data-element_type=\"section\" data-e-type=\"section\" data-settings=\"{&quot;stretch_section&quot;:&quot;section-stretched&quot;,&quot;background_background&quot;:&quot;classic&quot;}\">\n\t\t\t\t\t\t<div class=\"elementor-container elementor-column-gap-default\">\n\t\t\t\t\t<div class=\"elementor-column elementor-col-100 elementor-top-column elementor-element elementor-element-76593a9\" data-id=\"76593a9\" data-element_type=\"column\" data-e-type=\"column\">\n\t\t\t<div class=\"elementor-widget-wrap elementor-element-populated\">\n\t\t\t\t\t\t<section class=\"elementor-section elementor-inner-section elementor-element elementor-element-27e9430 elementor-section-boxed elementor-section-height-default elementor-section-height-default\" data-id=\"27e9430\" data-element_type=\"section\" data-e-type=\"section\">\n\t\t\t\t\t\t<div class=\"elementor-container elementor-column-gap-default\">\n\t\t\t\t\t<div class=\"elementor-column elementor-col-100 elementor-inner-column elementor-element elementor-element-214bbdf\" data-id=\"214bbdf\" data-element_type=\"column\" data-e-type=\"column\">\n\t\t\t<div class=\"elementor-widget-wrap elementor-element-populated\">\n\t\t\t\t\t\t<div class=\"elementor-element elementor-element-7738aa1 elementor-widget elementor-widget-heading\" data-id=\"7738aa1\" data-element_type=\"widget\" data-e-type=\"widget\" data-widget_type=\"heading.default\">\n\t\t\t\t<div class=\"elementor-widget-container\">\n\t\t\t\t\t<h2 class=\"elementor-heading-title elementor-size-default\">Somos Gorobel<\/h2>\t\t\t\t<\/div>\n\t\t\t\t<\/div>\n\t\t\t\t<div class=\"elementor-element elementor-element-68db40c elementor-widget-divider--view-line elementor-widget elementor-widget-divider\" data-id=\"68db40c\" data-element_type=\"widget\" data-e-type=\"widget\" data-widget_type=\"divider.default\">\n\t\t\t\t<div class=\"elementor-widget-container\">\n\t\t\t\t\t\t\t<div class=\"elementor-divider\">\n\t\t\t<span class=\"elementor-divider-separator\">\n\t\t\t\t\t\t<\/span>\n\t\t<\/div>\n\t\t\t\t\t\t<\/div>\n\t\t\t\t<\/div>\n\t\t\t\t<div class=\"elementor-element elementor-element-31a0886 elementor-widget elementor-widget-text-editor\" data-id=\"31a0886\" data-element_type=\"widget\" data-e-type=\"widget\" data-widget_type=\"text-editor.default\">\n\t\t\t\t<div class=\"elementor-widget-container\">\n\t\t\t\t\t\t\t\t\t<p>En Gorobel Kirol Gunea, promovemos la salud a trav\u00e9s del deporte sin distinciones. Nos guiamos por los valores de solidaridad, compa\u00f1erismo y voluntariado para construir una comunidad inclusiva y comprometida con el bienestar de todos.<\/p>\t\t\t\t\t\t\t\t<\/div>\n\t\t\t\t<\/div>\n\t\t\t\t\t<\/div>\n\t\t<\/div>\n\t\t\t\t\t<\/div>\n\t\t<\/section>\n\t\t\t\t\t<\/div>\n\t\t<\/div>\n\t\t\t\t\t<\/div>\n\t\t<\/section>\n\t\t\t\t<section class=\"elementor-section elementor-top-section elementor-element elementor-element-a927db8 elementor-section-stretched elementor-section-boxed elementor-section-height-default elementor-section-height-default\" data-id=\"a927db8\" data-element_type=\"section\" data-e-type=\"section\" data-settings=\"{&quot;stretch_section&quot;:&quot;section-stretched&quot;,&quot;background_background&quot;:&quot;classic&quot;}\">\n\t\t\t\t\t\t<div class=\"elementor-container elementor-column-gap-default\">\n\t\t\t\t\t<div class=\"elementor-column elementor-col-100 elementor-top-column elementor-element elementor-element-319fb9e\" data-id=\"319fb9e\" data-element_type=\"column\" data-e-type=\"column\">\n\t\t\t<div class=\"elementor-widget-wrap elementor-element-populated\">\n\t\t\t\t\t\t<section class=\"elementor-section elementor-inner-section elementor-element elementor-element-44727d9 elementor-section-boxed elementor-section-height-default elementor-section-height-default elementor-invisible\" data-id=\"44727d9\" data-element_type=\"section\" data-e-type=\"section\" data-settings=\"{&quot;animation&quot;:&quot;fadeInLeft&quot;}\">\n\t\t\t\t\t\t<div class=\"elementor-container elementor-column-gap-no\">\n\t\t\t\t\t<div class=\"elementor-column elementor-col-50 elementor-inner-column elementor-element elementor-element-b943931\" data-id=\"b943931\" data-element_type=\"column\" data-e-type=\"column\">\n\t\t\t<div class=\"elementor-widget-wrap elementor-element-populated\">\n\t\t\t\t\t\t<div class=\"elementor-element elementor-element-9f312fe elementor-widget elementor-widget-heading\" data-id=\"9f312fe\" data-element_type=\"widget\" data-e-type=\"widget\" data-widget_type=\"heading.default\">\n\t\t\t\t<div class=\"elementor-widget-container\">\n\t\t\t\t\t<h2 class=\"elementor-heading-title elementor-size-default\">M\u00e1s informaci\u00f3n sobre Gorobel<\/h2>\t\t\t\t<\/div>\n\t\t\t\t<\/div>\n\t\t\t\t<div class=\"elementor-element elementor-element-9ca8bc0 elementor-widget__width-initial elementor-widget elementor-widget-text-editor\" data-id=\"9ca8bc0\" data-element_type=\"widget\" data-e-type=\"widget\" data-widget_type=\"text-editor.default\">\n\t\t\t\t<div class=\"elementor-widget-container\">\n\t\t\t\t\t\t\t\t\t<p>En <strong>Gorobel Kirol Gunea<\/strong>, nos enorgullece promover la <strong>salud<\/strong> y el <strong>bienestar<\/strong> a trav\u00e9s del <strong>deporte<\/strong>, sin importar g\u00e9nero, edad o habilidad. Nuestra misi\u00f3n se fundamenta en valores de <strong>solidaridad<\/strong>, donde cada miembro de nuestra comunidad encuentra apoyo y oportunidades para crecer. Fomentamos el <strong>compa\u00f1erismo<\/strong> y el <strong>voluntariado<\/strong>, creando v\u00ednculos s\u00f3lidos entre los miembros de Gorobel.<\/p>\n<p>\u00danete a nuestra familia y forma parte de una experiencia deportiva que va m\u00e1s all\u00e1 de los l\u00edmites, impuls\u00e1ndote a alcanzar tu mejor versi\u00f3n.<\/p>\t\t\t\t\t\t\t\t<\/div>\n\t\t\t\t<\/div>\n\t\t\t\t\t<\/div>\n\t\t<\/div>\n\t\t\t\t<div class=\"elementor-column elementor-col-50 elementor-inner-column elementor-element elementor-element-15361d2\" data-id=\"15361d2\" data-element_type=\"column\" data-e-type=\"column\">\n\t\t\t<div class=\"elementor-widget-wrap elementor-element-populated\">\n\t\t\t\t\t\t<div class=\"elementor-element elementor-element-2d192b3 eael-contact-form-7-button-full-width elementor-widget elementor-widget-eael-contact-form-7\" data-id=\"2d192b3\" data-element_type=\"widget\" data-e-type=\"widget\" data-widget_type=\"eael-contact-form-7.default\">\n\t\t\t\t<div class=\"elementor-widget-container\">\n\t\t\t\t\t<div class=\"eael-contact-form-7-wrapper\">\n                <div class=\"eael-contact-form eael-contact-form-7 eael-contact-form-2d192b3 placeholder-show eael-contact-form-align-default\">\n<div class=\"wpcf7 no-js\" id=\"wpcf7-f981-o1\" lang=\"es-ES\" dir=\"ltr\" data-wpcf7-id=\"981\">\n<div class=\"screen-reader-response\"><p role=\"status\" aria-live=\"polite\" aria-atomic=\"true\"><\/p> <ul><\/ul><\/div>\n<form action=\"\/eu\/wp-json\/wp\/v2\/pages\/5754#wpcf7-f981-o1\" method=\"post\" class=\"wpcf7-form init\" aria-label=\"Contact form\" novalidate=\"novalidate\" data-status=\"init\">\n<fieldset class=\"hidden-fields-container\"><input type=\"hidden\" name=\"_wpcf7\" value=\"981\" \/><input type=\"hidden\" name=\"_wpcf7_version\" value=\"6.1.5\" \/><input type=\"hidden\" name=\"_wpcf7_locale\" value=\"es_ES\" \/><input type=\"hidden\" name=\"_wpcf7_unit_tag\" value=\"wpcf7-f981-o1\" \/><input type=\"hidden\" name=\"_wpcf7_container_post\" value=\"0\" \/><input type=\"hidden\" name=\"_wpcf7_posted_data_hash\" value=\"\" \/><input type=\"hidden\" name=\"_wpcf7_recaptcha_response\" value=\"\" \/>\n<\/fieldset>\n<div class=\"contact-container\">\n\t<div class=\"contact-form-input contact-form-input-nombre\">\n\t\t<p><label for=\"name\">Ind\u00edcanos tu nombre y apellidos <span>*<\/span><\/label><span class=\"wpcf7-form-control-wrap\" data-name=\"nombre\"><input size=\"40\" maxlength=\"400\" class=\"wpcf7-form-control wpcf7-text wpcf7-validates-as-required\" id=\"name\" aria-required=\"true\" aria-invalid=\"false\" placeholder=\"Ej: Fernando S\u00e1nchez\" value=\"\" type=\"text\" name=\"nombre\" \/><\/span>\n\t\t<\/p>\n\t<\/div>\n\t<div class=\"contact-form-input\">\n\t\t<p><label for=\"email\">Tu email <span>*<\/span><\/label><span class=\"wpcf7-form-control-wrap\" data-name=\"email\"><input size=\"40\" maxlength=\"400\" class=\"wpcf7-form-control wpcf7-email wpcf7-validates-as-required wpcf7-text wpcf7-validates-as-email\" id=\"email\" aria-required=\"true\" aria-invalid=\"false\" placeholder=\"Ej: fernando@dominio.com\" value=\"\" type=\"email\" name=\"email\" \/><\/span>\n\t\t<\/p>\n\t<\/div>\n\t<div class=\"contact-form-input\">\n\t\t<p><label for=\"telefono\">Tel\u00e9fono <span>*<\/span><\/label><span class=\"wpcf7-form-control-wrap\" data-name=\"telefono\"><input size=\"40\" maxlength=\"400\" class=\"wpcf7-form-control wpcf7-tel wpcf7-validates-as-required wpcf7-text wpcf7-validates-as-tel\" id=\"telefono\" aria-required=\"true\" aria-invalid=\"false\" placeholder=\"Ej: 600 000 000\" value=\"\" type=\"tel\" name=\"telefono\" \/><\/span>\n\t\t<\/p>\n\t<\/div>\n\t<div class=\"contact-form-input contact-msg\">\n\t\t<p><label for=\"mensaje\">Comentarios, horario preferido de llamada... <span>*<\/span><\/label><span class=\"wpcf7-form-control-wrap\" data-name=\"mensaje\"><textarea cols=\"40\" rows=\"10\" maxlength=\"2000\" class=\"wpcf7-form-control wpcf7-textarea\" id=\"mensaje\" aria-invalid=\"false\" name=\"mensaje\"><\/textarea><\/span>\n\t\t<\/p>\n\t<\/div>\n<\/div>\n<hr style=\"\n        height: 1px;\n        background: #e9e9e9;\n        width: 100%;\n        margin-top: 2rem;\n        margin-bottom: 1rem;\n      \" \/>\n<p><span class=\"wpcf7-form-control-wrap\" data-name=\"aceptar-politica\"><span class=\"wpcf7-form-control wpcf7-acceptance\"><span class=\"wpcf7-list-item\"><label><input type=\"checkbox\" name=\"aceptar-politica\" value=\"1\" id=\"acceptance-message1\" aria-invalid=\"false\" \/><span class=\"wpcf7-list-item-label\">Acepto la pol\u00edtica de\n  privacidad de <strong>Gorobel<\/strong><\/span><\/label><\/span><\/span><\/span>\n<\/p>\n<div class=\"contact-form-submit\" style=\"display: flex; margin-top: 1rem;\">\n\t<p><input class=\"wpcf7-form-control wpcf7-submit has-spinner\" type=\"submit\" value=\"ENVIAR\" \/>\n\t<\/p>\n<\/div><div class=\"wpcf7-response-output\" aria-hidden=\"true\"><\/div>\n<\/form>\n<\/div>\n<\/div>\n            <\/div>\t\t\t\t<\/div>\n\t\t\t\t<\/div>\n\t\t\t\t\t<\/div>\n\t\t<\/div>\n\t\t\t\t\t<\/div>\n\t\t<\/section>\n\t\t\t\t\t<\/div>\n\t\t<\/div>\n\t\t\t\t\t<\/div>\n\t\t<\/section>\n\t\t\t\t<section class=\"elementor-section elementor-top-section elementor-element elementor-element-89dfaad elementor-section-boxed elementor-section-height-default elementor-section-height-default\" data-id=\"89dfaad\" data-element_type=\"section\" data-e-type=\"section\">\n\t\t\t\t\t\t<div class=\"elementor-container elementor-column-gap-default\">\n\t\t\t\t\t<div class=\"elementor-column elementor-col-100 elementor-top-column elementor-element elementor-element-37b962b\" data-id=\"37b962b\" data-element_type=\"column\" data-e-type=\"column\">\n\t\t\t<div class=\"elementor-widget-wrap elementor-element-populated\">\n\t\t\t\t\t\t<div class=\"elementor-element elementor-element-64e80ea elementor-widget elementor-widget-heading\" data-id=\"64e80ea\" data-element_type=\"widget\" data-e-type=\"widget\" data-widget_type=\"heading.default\">\n\t\t\t\t<div class=\"elementor-widget-container\">\n\t\t\t\t\t<h2 class=\"elementor-heading-title elementor-size-default\">Nuestro d\u00eda a d\u00eda<\/h2>\t\t\t\t<\/div>\n\t\t\t\t<\/div>\n\t\t\t\t<div class=\"elementor-element elementor-element-9b5fb72 elementor-widget-divider--view-line elementor-widget elementor-widget-divider\" data-id=\"9b5fb72\" data-element_type=\"widget\" data-e-type=\"widget\" data-widget_type=\"divider.default\">\n\t\t\t\t<div class=\"elementor-widget-container\">\n\t\t\t\t\t\t\t<div class=\"elementor-divider\">\n\t\t\t<span class=\"elementor-divider-separator\">\n\t\t\t\t\t\t<\/span>\n\t\t<\/div>\n\t\t\t\t\t\t<\/div>\n\t\t\t\t<\/div>\n\t\t\t\t<div class=\"elementor-element elementor-element-b2651b3 elementor-widget elementor-widget-text-editor\" data-id=\"b2651b3\" data-element_type=\"widget\" data-e-type=\"widget\" data-widget_type=\"text-editor.default\">\n\t\t\t\t<div class=\"elementor-widget-container\">\n\t\t\t\t\t\t\t\t\t<p style=\"text-align: center;\">Encu\u00e9ntranos en <a href=\"https:\/\/www.instagram.com\/gorobelkirolgunea\/\" data-wplink-edit=\"true\">@gorobelkirolgunea<\/a><\/p>\t\t\t\t\t\t\t\t<\/div>\n\t\t\t\t<\/div>\n\t\t\t\t<div class=\"elementor-element elementor-element-b040bbc elementor-widget elementor-widget-image\" data-id=\"b040bbc\" data-element_type=\"widget\" data-e-type=\"widget\" data-widget_type=\"image.default\">\n\t\t\t\t<div class=\"elementor-widget-container\">\n\t\t\t\t\t\t\t\t\t\t\t\t\t\t\t\t<a href=\"https:\/\/www.instagram.com\/gorobelkirolgunea\/\" target=\"_blank\" title=\"Accede a nuestro instagram\">\n\t\t\t\t\t\t\t<img fetchpriority=\"high\" decoding=\"async\" width=\"939\" height=\"626\" src=\"http:\/\/gorobelgara.com\/wp-content\/uploads\/2024\/03\/insta.png\" class=\"attachment-large size-large wp-image-5755\" alt=\"Publicaci\u00f3n de Instagram destacando los servicios de Gorobel en Llodio.\" srcset=\"http:\/\/gorobelgara.com\/wp-content\/uploads\/2024\/03\/insta.png 939w, http:\/\/gorobelgara.com\/wp-content\/uploads\/2024\/03\/insta-300x200.png 300w, http:\/\/gorobelgara.com\/wp-content\/uploads\/2024\/03\/insta-768x512.png 768w\" sizes=\"(max-width: 939px) 100vw, 939px\" \/>\t\t\t\t\t\t\t\t<\/a>\n\t\t\t\t\t\t\t\t\t\t\t\t\t\t\t<\/div>\n\t\t\t\t<\/div>\n\t\t\t\t\t<\/div>\n\t\t<\/div>\n\t\t\t\t\t<\/div>\n\t\t<\/section>\n\t\t\t\t<\/div>\n\t\t","protected":false},"excerpt":{"rendered":"<p>GOROBEL Somos Gorobel En Gorobel Kirol Gunea, promovemos la salud a trav\u00e9s del deporte sin distinciones. Nos guiamos por los valores de solidaridad, compa\u00f1erismo y voluntariado para construir una comunidad inclusiva y comprometida con el bienestar de todos. M\u00e1s informaci\u00f3n sobre Gorobel En Gorobel Kirol Gunea, nos enorgullece promover la salud y el bienestar a [&hellip;]<\/p>\n","protected":false},"author":8,"featured_media":0,"parent":0,"menu_order":4,"comment_status":"closed","ping_status":"closed","template":"","meta":{"om_disable_all_campaigns":false,"_monsterinsights_skip_tracking":false,"_monsterinsights_sitenote_active":false,"_monsterinsights_sitenote_note":"","_monsterinsights_sitenote_category":0,"site-sidebar-layout":"no-sidebar","site-content-layout":"page-builder","ast-site-content-layout":"full-width-container","site-content-style":"unboxed","site-sidebar-style":"unboxed","ast-global-header-display":"","ast-banner-title-visibility":"","ast-main-header-display":"","ast-hfb-above-header-display":"","ast-hfb-below-header-display":"","ast-hfb-mobile-header-display":"","site-post-title":"disabled","ast-breadcrumbs-content":"","ast-featured-img":"disabled","footer-sml-layout":"","theme-transparent-header-meta":"","adv-header-id-meta":"","stick-header-meta":"","header-above-stick-meta":"","header-main-stick-meta":"","header-below-stick-meta":"","astra-migrate-meta-layouts":"set","ast-page-background-enabled":"default","ast-page-background-meta":{"desktop":{"background-color":"var(--ast-global-color-4)","background-image":"","background-repeat":"repeat","background-position":"center center","background-size":"auto","background-attachment":"scroll","background-type":"","background-media":"","overlay-type":"","overlay-color":"","overlay-opacity":"","overlay-gradient":""},"tablet":{"background-color":"","background-image":"","background-repeat":"repeat","background-position":"center center","background-size":"auto","background-attachment":"scroll","background-type":"","background-media":"","overlay-type":"","overlay-color":"","overlay-opacity":"","overlay-gradient":""},"mobile":{"background-color":"","background-image":"","background-repeat":"repeat","background-position":"center center","background-size":"auto","background-attachment":"scroll","background-type":"","background-media":"","overlay-type":"","overlay-color":"","overlay-opacity":"","overlay-gradient":""}},"ast-content-background-meta":{"desktop":{"background-color":"var(--ast-global-color-5)","background-image":"","background-repeat":"repeat","background-position":"center center","background-size":"auto","background-attachment":"scroll","background-type":"","background-media":"","overlay-type":"","overlay-color":"","overlay-opacity":"","overlay-gradient":""},"tablet":{"background-color":"var(--ast-global-color-5)","background-image":"","background-repeat":"repeat","background-position":"center center","background-size":"auto","background-attachment":"scroll","background-type":"","background-media":"","overlay-type":"","overlay-color":"","overlay-opacity":"","overlay-gradient":""},"mobile":{"background-color":"var(--ast-global-color-5)","background-image":"","background-repeat":"repeat","background-position":"center center","background-size":"auto","background-attachment":"scroll","background-type":"","background-media":"","overlay-type":"","overlay-color":"","overlay-opacity":"","overlay-gradient":""}},"footnotes":""},"class_list":["post-5754","page","type-page","status-publish","hentry"],"yoast_head":"<!-- This site is optimized with the Yoast SEO plugin v25.7 - https:\/\/yoast.com\/wordpress\/plugins\/seo\/ -->\n<title>Gorobel - Gorobel<\/title>\n<meta name=\"robots\" content=\"index, follow, max-snippet:-1, max-image-preview:large, max-video-preview:-1\" \/>\n<link rel=\"canonical\" href=\"http:\/\/gorobelgara.com\/eu\/gorobel\/\" \/>\n<meta property=\"og:locale\" content=\"eu_ES\" \/>\n<meta property=\"og:type\" content=\"article\" \/>\n<meta property=\"og:title\" content=\"Gorobel - Gorobel\" \/>\n<meta property=\"og:description\" content=\"GOROBEL Somos Gorobel En Gorobel Kirol Gunea, promovemos la salud a trav\u00e9s del deporte sin distinciones. Nos guiamos por los valores de solidaridad, compa\u00f1erismo y voluntariado para construir una comunidad inclusiva y comprometida con el bienestar de todos. M\u00e1s informaci\u00f3n sobre Gorobel En Gorobel Kirol Gunea, nos enorgullece promover la salud y el bienestar a [&hellip;]\" \/>\n<meta property=\"og:url\" content=\"http:\/\/gorobelgara.com\/eu\/gorobel\/\" \/>\n<meta property=\"og:site_name\" content=\"Gorobel\" \/>\n<meta property=\"article:modified_time\" content=\"2025-01-23T14:40:24+00:00\" \/>\n<meta property=\"og:image\" content=\"http:\/\/gorobelgara.com\/wp-content\/uploads\/2024\/03\/insta.png\" \/>\n<meta name=\"twitter:card\" content=\"summary_large_image\" \/>\n<meta name=\"twitter:label1\" content=\"Est. reading time\" \/>\n\t<meta name=\"twitter:data1\" content=\"1 minute\" \/>\n<script type=\"application\/ld+json\" class=\"yoast-schema-graph\">{\"@context\":\"https:\/\/schema.org\",\"@graph\":[{\"@type\":\"WebPage\",\"@id\":\"http:\/\/gorobelgara.com\/eu\/gorobel\/\",\"url\":\"http:\/\/gorobelgara.com\/eu\/gorobel\/\",\"name\":\"Gorobel - Gorobel\",\"isPartOf\":{\"@id\":\"https:\/\/gorobelgara.com\/eu\/#website\"},\"primaryImageOfPage\":{\"@id\":\"http:\/\/gorobelgara.com\/eu\/gorobel\/#primaryimage\"},\"image\":{\"@id\":\"http:\/\/gorobelgara.com\/eu\/gorobel\/#primaryimage\"},\"thumbnailUrl\":\"http:\/\/gorobelgara.com\/wp-content\/uploads\/2024\/03\/insta.png\",\"datePublished\":\"2024-03-04T09:07:49+00:00\",\"dateModified\":\"2025-01-23T14:40:24+00:00\",\"breadcrumb\":{\"@id\":\"http:\/\/gorobelgara.com\/eu\/gorobel\/#breadcrumb\"},\"inLanguage\":\"eu-ES\",\"potentialAction\":[{\"@type\":\"ReadAction\",\"target\":[\"http:\/\/gorobelgara.com\/eu\/gorobel\/\"]}]},{\"@type\":\"ImageObject\",\"inLanguage\":\"eu-ES\",\"@id\":\"http:\/\/gorobelgara.com\/eu\/gorobel\/#primaryimage\",\"url\":\"http:\/\/gorobelgara.com\/wp-content\/uploads\/2024\/03\/insta.png\",\"contentUrl\":\"http:\/\/gorobelgara.com\/wp-content\/uploads\/2024\/03\/insta.png\"},{\"@type\":\"BreadcrumbList\",\"@id\":\"http:\/\/gorobelgara.com\/eu\/gorobel\/#breadcrumb\",\"itemListElement\":[{\"@type\":\"ListItem\",\"position\":1,\"name\":\"Portada\",\"item\":\"https:\/\/gorobelgara.com\/eu\/\"},{\"@type\":\"ListItem\",\"position\":2,\"name\":\"Gorobel\"}]},{\"@type\":\"WebSite\",\"@id\":\"https:\/\/gorobelgara.com\/eu\/#website\",\"url\":\"https:\/\/gorobelgara.com\/eu\/\",\"name\":\"Gorobel\",\"description\":\"\",\"publisher\":{\"@id\":\"https:\/\/gorobelgara.com\/eu\/#organization\"},\"potentialAction\":[{\"@type\":\"SearchAction\",\"target\":{\"@type\":\"EntryPoint\",\"urlTemplate\":\"https:\/\/gorobelgara.com\/eu\/?s={search_term_string}\"},\"query-input\":{\"@type\":\"PropertyValueSpecification\",\"valueRequired\":true,\"valueName\":\"search_term_string\"}}],\"inLanguage\":\"eu-ES\"},{\"@type\":\"Organization\",\"@id\":\"https:\/\/gorobelgara.com\/eu\/#organization\",\"name\":\"Gorobel\",\"url\":\"https:\/\/gorobelgara.com\/eu\/\",\"logo\":{\"@type\":\"ImageObject\",\"inLanguage\":\"eu-ES\",\"@id\":\"https:\/\/gorobelgara.com\/eu\/#\/schema\/logo\/image\/\",\"url\":\"\",\"contentUrl\":\"\",\"caption\":\"Gorobel\"},\"image\":{\"@id\":\"https:\/\/gorobelgara.com\/eu\/#\/schema\/logo\/image\/\"}}]}<\/script>\n<!-- \/ Yoast SEO plugin. -->","yoast_head_json":{"title":"Gorobel - Gorobel","robots":{"index":"index","follow":"follow","max-snippet":"max-snippet:-1","max-image-preview":"max-image-preview:large","max-video-preview":"max-video-preview:-1"},"canonical":"http:\/\/gorobelgara.com\/eu\/gorobel\/","og_locale":"eu_ES","og_type":"article","og_title":"Gorobel - Gorobel","og_description":"GOROBEL Somos Gorobel En Gorobel Kirol Gunea, promovemos la salud a trav\u00e9s del deporte sin distinciones. Nos guiamos por los valores de solidaridad, compa\u00f1erismo y voluntariado para construir una comunidad inclusiva y comprometida con el bienestar de todos. M\u00e1s informaci\u00f3n sobre Gorobel En Gorobel Kirol Gunea, nos enorgullece promover la salud y el bienestar a [&hellip;]","og_url":"http:\/\/gorobelgara.com\/eu\/gorobel\/","og_site_name":"Gorobel","article_modified_time":"2025-01-23T14:40:24+00:00","og_image":[{"url":"http:\/\/gorobelgara.com\/wp-content\/uploads\/2024\/03\/insta.png","type":"","width":"","height":""}],"twitter_card":"summary_large_image","twitter_misc":{"Est. reading time":"1 minute"},"schema":{"@context":"https:\/\/schema.org","@graph":[{"@type":"WebPage","@id":"http:\/\/gorobelgara.com\/eu\/gorobel\/","url":"http:\/\/gorobelgara.com\/eu\/gorobel\/","name":"Gorobel - Gorobel","isPartOf":{"@id":"https:\/\/gorobelgara.com\/eu\/#website"},"primaryImageOfPage":{"@id":"http:\/\/gorobelgara.com\/eu\/gorobel\/#primaryimage"},"image":{"@id":"http:\/\/gorobelgara.com\/eu\/gorobel\/#primaryimage"},"thumbnailUrl":"http:\/\/gorobelgara.com\/wp-content\/uploads\/2024\/03\/insta.png","datePublished":"2024-03-04T09:07:49+00:00","dateModified":"2025-01-23T14:40:24+00:00","breadcrumb":{"@id":"http:\/\/gorobelgara.com\/eu\/gorobel\/#breadcrumb"},"inLanguage":"eu-ES","potentialAction":[{"@type":"ReadAction","target":["http:\/\/gorobelgara.com\/eu\/gorobel\/"]}]},{"@type":"ImageObject","inLanguage":"eu-ES","@id":"http:\/\/gorobelgara.com\/eu\/gorobel\/#primaryimage","url":"http:\/\/gorobelgara.com\/wp-content\/uploads\/2024\/03\/insta.png","contentUrl":"http:\/\/gorobelgara.com\/wp-content\/uploads\/2024\/03\/insta.png"},{"@type":"BreadcrumbList","@id":"http:\/\/gorobelgara.com\/eu\/gorobel\/#breadcrumb","itemListElement":[{"@type":"ListItem","position":1,"name":"Portada","item":"https:\/\/gorobelgara.com\/eu\/"},{"@type":"ListItem","position":2,"name":"Gorobel"}]},{"@type":"WebSite","@id":"https:\/\/gorobelgara.com\/eu\/#website","url":"https:\/\/gorobelgara.com\/eu\/","name":"Gorobel","description":"","publisher":{"@id":"https:\/\/gorobelgara.com\/eu\/#organization"},"potentialAction":[{"@type":"SearchAction","target":{"@type":"EntryPoint","urlTemplate":"https:\/\/gorobelgara.com\/eu\/?s={search_term_string}"},"query-input":{"@type":"PropertyValueSpecification","valueRequired":true,"valueName":"search_term_string"}}],"inLanguage":"eu-ES"},{"@type":"Organization","@id":"https:\/\/gorobelgara.com\/eu\/#organization","name":"Gorobel","url":"https:\/\/gorobelgara.com\/eu\/","logo":{"@type":"ImageObject","inLanguage":"eu-ES","@id":"https:\/\/gorobelgara.com\/eu\/#\/schema\/logo\/image\/","url":"","contentUrl":"","caption":"Gorobel"},"image":{"@id":"https:\/\/gorobelgara.com\/eu\/#\/schema\/logo\/image\/"}}]}},"_links":{"self":[{"href":"http:\/\/gorobelgara.com\/eu\/wp-json\/wp\/v2\/pages\/5754","targetHints":{"allow":["GET"]}}],"collection":[{"href":"http:\/\/gorobelgara.com\/eu\/wp-json\/wp\/v2\/pages"}],"about":[{"href":"http:\/\/gorobelgara.com\/eu\/wp-json\/wp\/v2\/types\/page"}],"author":[{"embeddable":true,"href":"http:\/\/gorobelgara.com\/eu\/wp-json\/wp\/v2\/users\/8"}],"replies":[{"embeddable":true,"href":"http:\/\/gorobelgara.com\/eu\/wp-json\/wp\/v2\/comments?post=5754"}],"version-history":[{"count":1,"href":"http:\/\/gorobelgara.com\/eu\/wp-json\/wp\/v2\/pages\/5754\/revisions"}],"predecessor-version":[{"id":5756,"href":"http:\/\/gorobelgara.com\/eu\/wp-json\/wp\/v2\/pages\/5754\/revisions\/5756"}],"wp:attachment":[{"href":"http:\/\/gorobelgara.com\/eu\/wp-json\/wp\/v2\/media?parent=5754"}],"curies":[{"name":"wp","href":"https:\/\/api.w.org\/{rel}","templated":true}]}}